{"id":116,"date":"2016-10-22T17:42:05","date_gmt":"2016-10-22T17:42:05","guid":{"rendered":"http:\/\/www.queraadvocats.com\/?page_id=116"},"modified":"2016-10-23T19:10:39","modified_gmt":"2016-10-23T19:10:39","slug":"extranjeria","status":"publish","type":"page","link":"http:\/\/www.queraadvocats.com\/index.php\/extranjeria\/","title":{"rendered":"Extranjer\u00eda"},"content":{"rendered":"[vc_row][vc_column width=\u00bb1\/2&#8243;][vc_single_image image=\u00bb118&#8243; img_size=\u00bblarge\u00bb][\/vc_column][vc_column width=\u00bb1\/2&#8243;][vc_column_text]\n<h2>Extranjer\u00eda<\/h2>\n<p><span style=\"color: #333333;\">Nuestro departamento de Extranjer\u00eda ofrece servicios especializados en los siguientes \u00e1mbitos:<\/span><\/p>\n<ul>\n<li><span style=\"color: #333333;\">Nacionalidad.<\/span><\/li>\n<li><span style=\"color: #333333;\">Reagrupaci\u00f3n familiar.<\/span><\/li>\n<li><span style=\"color: #333333;\">Permisos de residencia.<\/span><\/li>\n<li><span style=\"color: #333333;\">Expulsiones del territorio nacional.<\/span><\/li>\n<\/ul>\n[\/vc_column_text][\/vc_column][\/vc_row]\n","protected":false},"excerpt":{"rendered":"<p>[vc_row][vc_column width=\u00bb1\/2&#8243;][vc_single_image image=\u00bb118&#8243; img_size=\u00bblarge\u00bb][\/vc_column][vc_column width=\u00bb1\/2&#8243;][vc_column_text] Extranjer\u00eda Nuestro departamento de Extranjer\u00eda ofrece servicios especializados en los siguientes \u00e1mbitos: Nacionalidad. Reagrupaci\u00f3n familiar. Permisos de residencia. Expulsiones del territorio nacional. [\/vc_column_text][\/vc_column][\/vc_row]<\/p>\n","protected":false},"author":2,"featured_media":0,"parent":0,"menu_order":0,"comment_status":"closed","ping_status":"closed","template":"","meta":{"footnotes":""},"class_list":["post-116","page","type-page","status-publish","hentry"],"yoast_head":"<!-- This site is optimized with the Yoast SEO plugin v23.0 - https:\/\/yoast.com\/wordpress\/plugins\/seo\/ -->\n<title>Extranjer\u00eda - Quera Advocats<\/title>\n<meta name=\"robots\" content=\"index, follow, max-snippet:-1, max-image-preview:large, max-video-preview:-1\" \/>\n<link rel=\"canonical\" href=\"http:\/\/www.queraadvocats.com\/index.php\/extranjeria\/\" \/>\n<meta property=\"og:locale\" content=\"es_ES\" \/>\n<meta property=\"og:type\" content=\"article\" \/>\n<meta property=\"og:title\" content=\"Extranjer\u00eda - Quera Advocats\" \/>\n<meta property=\"og:description\" content=\"[vc_row][vc_column width=\u00bb1\/2&#8243;][vc_single_image image=\u00bb118&#8243; img_size=\u00bblarge\u00bb][\/vc_column][vc_column width=\u00bb1\/2&#8243;][vc_column_text] Extranjer\u00eda Nuestro departamento de Extranjer\u00eda ofrece servicios especializados en los siguientes \u00e1mbitos: Nacionalidad. Reagrupaci\u00f3n familiar. Permisos de residencia. Expulsiones del territorio nacional. [\/vc_column_text][\/vc_column][\/vc_row]\" \/>\n<meta property=\"og:url\" content=\"http:\/\/www.queraadvocats.com\/index.php\/extranjeria\/\" \/>\n<meta property=\"og:site_name\" content=\"Quera Advocats\" \/>\n<meta property=\"article:modified_time\" content=\"2016-10-23T19:10:39+00:00\" \/>\n<meta name=\"twitter:card\" content=\"summary_large_image\" \/>\n<script type=\"application\/ld+json\" class=\"yoast-schema-graph\">{\"@context\":\"https:\/\/schema.org\",\"@graph\":[{\"@type\":\"WebPage\",\"@id\":\"http:\/\/www.queraadvocats.com\/index.php\/extranjeria\/\",\"url\":\"http:\/\/www.queraadvocats.com\/index.php\/extranjeria\/\",\"name\":\"Extranjer\u00eda - Quera Advocats\",\"isPartOf\":{\"@id\":\"http:\/\/www.queraadvocats.com\/#website\"},\"datePublished\":\"2016-10-22T17:42:05+00:00\",\"dateModified\":\"2016-10-23T19:10:39+00:00\",\"breadcrumb\":{\"@id\":\"http:\/\/www.queraadvocats.com\/index.php\/extranjeria\/#breadcrumb\"},\"inLanguage\":\"es\",\"potentialAction\":[{\"@type\":\"ReadAction\",\"target\":[\"http:\/\/www.queraadvocats.com\/index.php\/extranjeria\/\"]}]},{\"@type\":\"BreadcrumbList\",\"@id\":\"http:\/\/www.queraadvocats.com\/index.php\/extranjeria\/#breadcrumb\",\"itemListElement\":[{\"@type\":\"ListItem\",\"position\":1,\"name\":\"Portada\",\"item\":\"http:\/\/www.queraadvocats.com\/index.php\/es\/bienvenids\/\"},{\"@type\":\"ListItem\",\"position\":2,\"name\":\"Extranjer\u00eda\"}]},{\"@type\":\"WebSite\",\"@id\":\"http:\/\/www.queraadvocats.com\/#website\",\"url\":\"http:\/\/www.queraadvocats.com\/\",\"name\":\"Quera Advocats\",\"description\":\"Quera Advocats | Figueres\",\"potentialAction\":[{\"@type\":\"SearchAction\",\"target\":{\"@type\":\"EntryPoint\",\"urlTemplate\":\"http:\/\/www.queraadvocats.com\/?s={search_term_string}\"},\"query-input\":\"required name=search_term_string\"}],\"inLanguage\":\"es\"}]}<\/script>\n<!-- \/ Yoast SEO plugin. -->","yoast_head_json":{"title":"Extranjer\u00eda - Quera Advocats","robots":{"index":"index","follow":"follow","max-snippet":"max-snippet:-1","max-image-preview":"max-image-preview:large","max-video-preview":"max-video-preview:-1"},"canonical":"http:\/\/www.queraadvocats.com\/index.php\/extranjeria\/","og_locale":"es_ES","og_type":"article","og_title":"Extranjer\u00eda - Quera Advocats","og_description":"[vc_row][vc_column width=\u00bb1\/2&#8243;][vc_single_image image=\u00bb118&#8243; img_size=\u00bblarge\u00bb][\/vc_column][vc_column width=\u00bb1\/2&#8243;][vc_column_text] Extranjer\u00eda Nuestro departamento de Extranjer\u00eda ofrece servicios especializados en los siguientes \u00e1mbitos: Nacionalidad. Reagrupaci\u00f3n familiar. Permisos de residencia. Expulsiones del territorio nacional. [\/vc_column_text][\/vc_column][\/vc_row]","og_url":"http:\/\/www.queraadvocats.com\/index.php\/extranjeria\/","og_site_name":"Quera Advocats","article_modified_time":"2016-10-23T19:10:39+00:00","twitter_card":"summary_large_image","schema":{"@context":"https:\/\/schema.org","@graph":[{"@type":"WebPage","@id":"http:\/\/www.queraadvocats.com\/index.php\/extranjeria\/","url":"http:\/\/www.queraadvocats.com\/index.php\/extranjeria\/","name":"Extranjer\u00eda - Quera Advocats","isPartOf":{"@id":"http:\/\/www.queraadvocats.com\/#website"},"datePublished":"2016-10-22T17:42:05+00:00","dateModified":"2016-10-23T19:10:39+00:00","breadcrumb":{"@id":"http:\/\/www.queraadvocats.com\/index.php\/extranjeria\/#breadcrumb"},"inLanguage":"es","potentialAction":[{"@type":"ReadAction","target":["http:\/\/www.queraadvocats.com\/index.php\/extranjeria\/"]}]},{"@type":"BreadcrumbList","@id":"http:\/\/www.queraadvocats.com\/index.php\/extranjeria\/#breadcrumb","itemListElement":[{"@type":"ListItem","position":1,"name":"Portada","item":"http:\/\/www.queraadvocats.com\/index.php\/es\/bienvenids\/"},{"@type":"ListItem","position":2,"name":"Extranjer\u00eda"}]},{"@type":"WebSite","@id":"http:\/\/www.queraadvocats.com\/#website","url":"http:\/\/www.queraadvocats.com\/","name":"Quera Advocats","description":"Quera Advocats | Figueres","potentialAction":[{"@type":"SearchAction","target":{"@type":"EntryPoint","urlTemplate":"http:\/\/www.queraadvocats.com\/?s={search_term_string}"},"query-input":"required name=search_term_string"}],"inLanguage":"es"}]}},"_links":{"self":[{"href":"http:\/\/www.queraadvocats.com\/index.php\/wp-json\/wp\/v2\/pages\/116"}],"collection":[{"href":"http:\/\/www.queraadvocats.com\/index.php\/wp-json\/wp\/v2\/pages"}],"about":[{"href":"http:\/\/www.queraadvocats.com\/index.php\/wp-json\/wp\/v2\/types\/page"}],"author":[{"embeddable":true,"href":"http:\/\/www.queraadvocats.com\/index.php\/wp-json\/wp\/v2\/users\/2"}],"replies":[{"embeddable":true,"href":"http:\/\/www.queraadvocats.com\/index.php\/wp-json\/wp\/v2\/comments?post=116"}],"version-history":[{"count":2,"href":"http:\/\/www.queraadvocats.com\/index.php\/wp-json\/wp\/v2\/pages\/116\/revisions"}],"predecessor-version":[{"id":153,"href":"http:\/\/www.queraadvocats.com\/index.php\/wp-json\/wp\/v2\/pages\/116\/revisions\/153"}],"wp:attachment":[{"href":"http:\/\/www.queraadvocats.com\/index.php\/wp-json\/wp\/v2\/media?parent=116"}],"curies":[{"name":"wp","href":"https:\/\/api.w.org\/{rel}","templated":true}]}}