{"id":124,"date":"2016-10-22T17:54:02","date_gmt":"2016-10-22T17:54:02","guid":{"rendered":"http:\/\/www.queraadvocats.com\/?page_id=124"},"modified":"2016-10-23T19:14:09","modified_gmt":"2016-10-23T19:14:09","slug":"penal","status":"publish","type":"page","link":"http:\/\/www.queraadvocats.com\/index.php\/penal\/","title":{"rendered":"Penal"},"content":{"rendered":"[vc_row][vc_column width=\u00bb1\/2&#8243;][vc_single_image image=\u00bb125&#8243; img_size=\u00bblarge\u00bb][\/vc_column][vc_column width=\u00bb1\/2&#8243;][vc_column_text]\n<h2>Derecho Penal y Penitenciario<\/h2>\n<p><span style=\"color: #333333;\">El \u00e1mbito penal y penitenciario est\u00e1 dirigido por Antoni Quera, letrado con m\u00e1s de 20 a\u00f1os de ejercicio profesional en esta especialidad.<\/span><\/p>\n<p><span style=\"color: #333333;\">Antoni Quera ha defendido m\u00e1s de 2500 causas en todos los niveles penales y penitenciarios, incluidos causas por asesinato delante de todo tipo de tribunales: Audiencia Nacional, Tribunal Supremo y Tribunal Constitucional.<\/span>[\/vc_column_text][\/vc_column][\/vc_row]\n","protected":false},"excerpt":{"rendered":"<p>[vc_row][vc_column width=\u00bb1\/2&#8243;][vc_single_image image=\u00bb125&#8243; img_size=\u00bblarge\u00bb][\/vc_column][vc_column width=\u00bb1\/2&#8243;][vc_column_text] Derecho Penal y Penitenciario El \u00e1mbito penal y penitenciario est\u00e1 dirigido por Antoni Quera, letrado con m\u00e1s de 20 a\u00f1os de ejercicio profesional en esta especialidad. Antoni Quera ha defendido m\u00e1s de 2500 causas en todos los niveles penales y penitenciarios, incluidos causas por asesinato delante de todo tipo de tribunales: Audiencia Nacional, Tribunal Supremo y Tribunal Constitucional.[\/vc_column_text][\/vc_column][\/vc_row]<\/p>\n","protected":false},"author":2,"featured_media":0,"parent":0,"menu_order":0,"comment_status":"closed","ping_status":"closed","template":"","meta":{"footnotes":""},"class_list":["post-124","page","type-page","status-publish","hentry"],"yoast_head":"<!-- This site is optimized with the Yoast SEO plugin v23.0 - https:\/\/yoast.com\/wordpress\/plugins\/seo\/ -->\n<title>Penal - Quera Advocats<\/title>\n<meta name=\"robots\" content=\"index, follow, max-snippet:-1, max-image-preview:large, max-video-preview:-1\" \/>\n<link rel=\"canonical\" href=\"http:\/\/www.queraadvocats.com\/index.php\/penal\/\" \/>\n<meta property=\"og:locale\" content=\"es_ES\" \/>\n<meta property=\"og:type\" content=\"article\" \/>\n<meta property=\"og:title\" content=\"Penal - Quera Advocats\" \/>\n<meta property=\"og:description\" content=\"[vc_row][vc_column width=\u00bb1\/2&#8243;][vc_single_image image=\u00bb125&#8243; img_size=\u00bblarge\u00bb][\/vc_column][vc_column width=\u00bb1\/2&#8243;][vc_column_text] Derecho Penal y Penitenciario El \u00e1mbito penal y penitenciario est\u00e1 dirigido por Antoni Quera, letrado con m\u00e1s de 20 a\u00f1os de ejercicio profesional en esta especialidad. Antoni Quera ha defendido m\u00e1s de 2500 causas en todos los niveles penales y penitenciarios, incluidos causas por asesinato delante de todo tipo de tribunales: Audiencia Nacional, Tribunal Supremo y Tribunal Constitucional.[\/vc_column_text][\/vc_column][\/vc_row]\" \/>\n<meta property=\"og:url\" content=\"http:\/\/www.queraadvocats.com\/index.php\/penal\/\" \/>\n<meta property=\"og:site_name\" content=\"Quera Advocats\" \/>\n<meta property=\"article:modified_time\" content=\"2016-10-23T19:14:09+00:00\" \/>\n<meta name=\"twitter:card\" content=\"summary_large_image\" \/>\n<script type=\"application\/ld+json\" class=\"yoast-schema-graph\">{\"@context\":\"https:\/\/schema.org\",\"@graph\":[{\"@type\":\"WebPage\",\"@id\":\"http:\/\/www.queraadvocats.com\/index.php\/penal\/\",\"url\":\"http:\/\/www.queraadvocats.com\/index.php\/penal\/\",\"name\":\"Penal - Quera Advocats\",\"isPartOf\":{\"@id\":\"http:\/\/www.queraadvocats.com\/#website\"},\"datePublished\":\"2016-10-22T17:54:02+00:00\",\"dateModified\":\"2016-10-23T19:14:09+00:00\",\"breadcrumb\":{\"@id\":\"http:\/\/www.queraadvocats.com\/index.php\/penal\/#breadcrumb\"},\"inLanguage\":\"es\",\"potentialAction\":[{\"@type\":\"ReadAction\",\"target\":[\"http:\/\/www.queraadvocats.com\/index.php\/penal\/\"]}]},{\"@type\":\"BreadcrumbList\",\"@id\":\"http:\/\/www.queraadvocats.com\/index.php\/penal\/#breadcrumb\",\"itemListElement\":[{\"@type\":\"ListItem\",\"position\":1,\"name\":\"Portada\",\"item\":\"http:\/\/www.queraadvocats.com\/index.php\/es\/bienvenids\/\"},{\"@type\":\"ListItem\",\"position\":2,\"name\":\"Penal\"}]},{\"@type\":\"WebSite\",\"@id\":\"http:\/\/www.queraadvocats.com\/#website\",\"url\":\"http:\/\/www.queraadvocats.com\/\",\"name\":\"Quera Advocats\",\"description\":\"Quera Advocats | Figueres\",\"potentialAction\":[{\"@type\":\"SearchAction\",\"target\":{\"@type\":\"EntryPoint\",\"urlTemplate\":\"http:\/\/www.queraadvocats.com\/?s={search_term_string}\"},\"query-input\":\"required name=search_term_string\"}],\"inLanguage\":\"es\"}]}<\/script>\n<!-- \/ Yoast SEO plugin. -->","yoast_head_json":{"title":"Penal - Quera Advocats","robots":{"index":"index","follow":"follow","max-snippet":"max-snippet:-1","max-image-preview":"max-image-preview:large","max-video-preview":"max-video-preview:-1"},"canonical":"http:\/\/www.queraadvocats.com\/index.php\/penal\/","og_locale":"es_ES","og_type":"article","og_title":"Penal - Quera Advocats","og_description":"[vc_row][vc_column width=\u00bb1\/2&#8243;][vc_single_image image=\u00bb125&#8243; img_size=\u00bblarge\u00bb][\/vc_column][vc_column width=\u00bb1\/2&#8243;][vc_column_text] Derecho Penal y Penitenciario El \u00e1mbito penal y penitenciario est\u00e1 dirigido por Antoni Quera, letrado con m\u00e1s de 20 a\u00f1os de ejercicio profesional en esta especialidad. Antoni Quera ha defendido m\u00e1s de 2500 causas en todos los niveles penales y penitenciarios, incluidos causas por asesinato delante de todo tipo de tribunales: Audiencia Nacional, Tribunal Supremo y Tribunal Constitucional.[\/vc_column_text][\/vc_column][\/vc_row]","og_url":"http:\/\/www.queraadvocats.com\/index.php\/penal\/","og_site_name":"Quera Advocats","article_modified_time":"2016-10-23T19:14:09+00:00","twitter_card":"summary_large_image","schema":{"@context":"https:\/\/schema.org","@graph":[{"@type":"WebPage","@id":"http:\/\/www.queraadvocats.com\/index.php\/penal\/","url":"http:\/\/www.queraadvocats.com\/index.php\/penal\/","name":"Penal - Quera Advocats","isPartOf":{"@id":"http:\/\/www.queraadvocats.com\/#website"},"datePublished":"2016-10-22T17:54:02+00:00","dateModified":"2016-10-23T19:14:09+00:00","breadcrumb":{"@id":"http:\/\/www.queraadvocats.com\/index.php\/penal\/#breadcrumb"},"inLanguage":"es","potentialAction":[{"@type":"ReadAction","target":["http:\/\/www.queraadvocats.com\/index.php\/penal\/"]}]},{"@type":"BreadcrumbList","@id":"http:\/\/www.queraadvocats.com\/index.php\/penal\/#breadcrumb","itemListElement":[{"@type":"ListItem","position":1,"name":"Portada","item":"http:\/\/www.queraadvocats.com\/index.php\/es\/bienvenids\/"},{"@type":"ListItem","position":2,"name":"Penal"}]},{"@type":"WebSite","@id":"http:\/\/www.queraadvocats.com\/#website","url":"http:\/\/www.queraadvocats.com\/","name":"Quera Advocats","description":"Quera Advocats | Figueres","potentialAction":[{"@type":"SearchAction","target":{"@type":"EntryPoint","urlTemplate":"http:\/\/www.queraadvocats.com\/?s={search_term_string}"},"query-input":"required name=search_term_string"}],"inLanguage":"es"}]}},"_links":{"self":[{"href":"http:\/\/www.queraadvocats.com\/index.php\/wp-json\/wp\/v2\/pages\/124"}],"collection":[{"href":"http:\/\/www.queraadvocats.com\/index.php\/wp-json\/wp\/v2\/pages"}],"about":[{"href":"http:\/\/www.queraadvocats.com\/index.php\/wp-json\/wp\/v2\/types\/page"}],"author":[{"embeddable":true,"href":"http:\/\/www.queraadvocats.com\/index.php\/wp-json\/wp\/v2\/users\/2"}],"replies":[{"embeddable":true,"href":"http:\/\/www.queraadvocats.com\/index.php\/wp-json\/wp\/v2\/comments?post=124"}],"version-history":[{"count":2,"href":"http:\/\/www.queraadvocats.com\/index.php\/wp-json\/wp\/v2\/pages\/124\/revisions"}],"predecessor-version":[{"id":155,"href":"http:\/\/www.queraadvocats.com\/index.php\/wp-json\/wp\/v2\/pages\/124\/revisions\/155"}],"wp:attachment":[{"href":"http:\/\/www.queraadvocats.com\/index.php\/wp-json\/wp\/v2\/media?parent=124"}],"curies":[{"name":"wp","href":"https:\/\/api.w.org\/{rel}","templated":true}]}}