{"id":40,"date":"2016-09-12T17:27:22","date_gmt":"2016-09-12T17:27:22","guid":{"rendered":"http:\/\/www.queraadvocats.com\/?page_id=40"},"modified":"2016-10-23T20:01:37","modified_gmt":"2016-10-23T20:01:37","slug":"presentacion","status":"publish","type":"page","link":"http:\/\/www.queraadvocats.com\/index.php\/presentacion\/","title":{"rendered":"Presentaci\u00f3n"},"content":{"rendered":"[vc_row][vc_column width=\u00bb1\/2&#8243;][vc_single_image image=\u00bb48&#8243; img_size=\u00bblarge\u00bb][\/vc_column][vc_column width=\u00bb1\/2&#8243;][vc_column_text]\n<h2>Presentaci\u00f3n<\/h2>\n<p>Somos un despacho jur\u00eddico con m\u00e1s de 20 a\u00f1os de experiencia con sede en Figueres y bajo la direcci\u00f3n del letrado Antoni Quera, Socio director y fundador del despacho.<\/p>\n<p>Defendemos con rigor los intereses de nuestros clientes en todo el estado espa\u00f1ol, proporcionando un servicio integral y de m\u00e1xima confidencialidad.<\/p>\n<p>El objetivo es siempre ofrecer la mejor defensa posible a quien ha depositado su confianza en nuestro equipo profesional.[\/vc_column_text][\/vc_column][\/vc_row]\n","protected":false},"excerpt":{"rendered":"<p>[vc_row][vc_column width=\u00bb1\/2&#8243;][vc_single_image image=\u00bb48&#8243; img_size=\u00bblarge\u00bb][\/vc_column][vc_column width=\u00bb1\/2&#8243;][vc_column_text] Presentaci\u00f3n Somos un despacho jur\u00eddico con m\u00e1s de 20 a\u00f1os de experiencia con sede en Figueres y bajo la direcci\u00f3n del letrado Antoni Quera, Socio director y fundador del despacho. Defendemos con rigor los intereses de nuestros clientes en todo el estado espa\u00f1ol, proporcionando un servicio integral y de m\u00e1xima confidencialidad. El objetivo es siempre ofrecer la mejor defensa posible a quien ha depositado su confianza en nuestro equipo profesional.[\/vc_column_text][\/vc_column][\/vc_row]<\/p>\n","protected":false},"author":2,"featured_media":41,"parent":0,"menu_order":0,"comment_status":"closed","ping_status":"closed","template":"","meta":{"footnotes":""},"class_list":["post-40","page","type-page","status-publish","has-post-thumbnail","hentry"],"yoast_head":"<!-- This site is optimized with the Yoast SEO plugin v23.0 - https:\/\/yoast.com\/wordpress\/plugins\/seo\/ -->\n<title>Presentaci\u00f3n - Quera Advocats<\/title>\n<meta name=\"robots\" content=\"index, follow, max-snippet:-1, max-image-preview:large, max-video-preview:-1\" \/>\n<link rel=\"canonical\" href=\"http:\/\/www.queraadvocats.com\/index.php\/presentacion\/\" \/>\n<meta property=\"og:locale\" content=\"es_ES\" \/>\n<meta property=\"og:type\" content=\"article\" \/>\n<meta property=\"og:title\" content=\"Presentaci\u00f3n - Quera Advocats\" \/>\n<meta property=\"og:description\" content=\"[vc_row][vc_column width=\u00bb1\/2&#8243;][vc_single_image image=\u00bb48&#8243; img_size=\u00bblarge\u00bb][\/vc_column][vc_column width=\u00bb1\/2&#8243;][vc_column_text] Presentaci\u00f3n Somos un despacho jur\u00eddico con m\u00e1s de 20 a\u00f1os de experiencia con sede en Figueres y bajo la direcci\u00f3n del letrado Antoni Quera, Socio director y fundador del despacho. Defendemos con rigor los intereses de nuestros clientes en todo el estado espa\u00f1ol, proporcionando un servicio integral y de m\u00e1xima confidencialidad. El objetivo es siempre ofrecer la mejor defensa posible a quien ha depositado su confianza en nuestro equipo profesional.[\/vc_column_text][\/vc_column][\/vc_row]\" \/>\n<meta property=\"og:url\" content=\"http:\/\/www.queraadvocats.com\/index.php\/presentacion\/\" \/>\n<meta property=\"og:site_name\" content=\"Quera Advocats\" \/>\n<meta property=\"article:modified_time\" content=\"2016-10-23T20:01:37+00:00\" \/>\n<meta property=\"og:image\" content=\"http:\/\/www.queraadvocats.com\/wp-content\/uploads\/2016\/09\/DSC06210-1024x685.jpg\" \/>\n\t<meta property=\"og:image:width\" content=\"1024\" \/>\n\t<meta property=\"og:image:height\" content=\"685\" \/>\n\t<meta property=\"og:image:type\" content=\"image\/jpeg\" \/>\n<meta name=\"twitter:card\" content=\"summary_large_image\" \/>\n<meta name=\"twitter:label1\" content=\"Tiempo de lectura\" \/>\n\t<meta name=\"twitter:data1\" content=\"1 minuto\" \/>\n<script type=\"application\/ld+json\" class=\"yoast-schema-graph\">{\"@context\":\"https:\/\/schema.org\",\"@graph\":[{\"@type\":\"WebPage\",\"@id\":\"http:\/\/www.queraadvocats.com\/index.php\/presentacion\/\",\"url\":\"http:\/\/www.queraadvocats.com\/index.php\/presentacion\/\",\"name\":\"Presentaci\u00f3n - Quera Advocats\",\"isPartOf\":{\"@id\":\"http:\/\/www.queraadvocats.com\/#website\"},\"primaryImageOfPage\":{\"@id\":\"http:\/\/www.queraadvocats.com\/index.php\/presentacion\/#primaryimage\"},\"image\":{\"@id\":\"http:\/\/www.queraadvocats.com\/index.php\/presentacion\/#primaryimage\"},\"thumbnailUrl\":\"http:\/\/www.queraadvocats.com\/wp-content\/uploads\/2016\/09\/DSC06210.jpg\",\"datePublished\":\"2016-09-12T17:27:22+00:00\",\"dateModified\":\"2016-10-23T20:01:37+00:00\",\"breadcrumb\":{\"@id\":\"http:\/\/www.queraadvocats.com\/index.php\/presentacion\/#breadcrumb\"},\"inLanguage\":\"es\",\"potentialAction\":[{\"@type\":\"ReadAction\",\"target\":[\"http:\/\/www.queraadvocats.com\/index.php\/presentacion\/\"]}]},{\"@type\":\"ImageObject\",\"inLanguage\":\"es\",\"@id\":\"http:\/\/www.queraadvocats.com\/index.php\/presentacion\/#primaryimage\",\"url\":\"http:\/\/www.queraadvocats.com\/wp-content\/uploads\/2016\/09\/DSC06210.jpg\",\"contentUrl\":\"http:\/\/www.queraadvocats.com\/wp-content\/uploads\/2016\/09\/DSC06210.jpg\",\"width\":3872,\"height\":2592,\"caption\":\"Quera Advocats | Penal\"},{\"@type\":\"BreadcrumbList\",\"@id\":\"http:\/\/www.queraadvocats.com\/index.php\/presentacion\/#breadcrumb\",\"itemListElement\":[{\"@type\":\"ListItem\",\"position\":1,\"name\":\"Portada\",\"item\":\"http:\/\/www.queraadvocats.com\/index.php\/es\/bienvenids\/\"},{\"@type\":\"ListItem\",\"position\":2,\"name\":\"Presentaci\u00f3n\"}]},{\"@type\":\"WebSite\",\"@id\":\"http:\/\/www.queraadvocats.com\/#website\",\"url\":\"http:\/\/www.queraadvocats.com\/\",\"name\":\"Quera Advocats\",\"description\":\"Quera Advocats | Figueres\",\"potentialAction\":[{\"@type\":\"SearchAction\",\"target\":{\"@type\":\"EntryPoint\",\"urlTemplate\":\"http:\/\/www.queraadvocats.com\/?s={search_term_string}\"},\"query-input\":\"required name=search_term_string\"}],\"inLanguage\":\"es\"}]}<\/script>\n<!-- \/ Yoast SEO plugin. -->","yoast_head_json":{"title":"Presentaci\u00f3n - Quera Advocats","robots":{"index":"index","follow":"follow","max-snippet":"max-snippet:-1","max-image-preview":"max-image-preview:large","max-video-preview":"max-video-preview:-1"},"canonical":"http:\/\/www.queraadvocats.com\/index.php\/presentacion\/","og_locale":"es_ES","og_type":"article","og_title":"Presentaci\u00f3n - Quera Advocats","og_description":"[vc_row][vc_column width=\u00bb1\/2&#8243;][vc_single_image image=\u00bb48&#8243; img_size=\u00bblarge\u00bb][\/vc_column][vc_column width=\u00bb1\/2&#8243;][vc_column_text] Presentaci\u00f3n Somos un despacho jur\u00eddico con m\u00e1s de 20 a\u00f1os de experiencia con sede en Figueres y bajo la direcci\u00f3n del letrado Antoni Quera, Socio director y fundador del despacho. Defendemos con rigor los intereses de nuestros clientes en todo el estado espa\u00f1ol, proporcionando un servicio integral y de m\u00e1xima confidencialidad. El objetivo es siempre ofrecer la mejor defensa posible a quien ha depositado su confianza en nuestro equipo profesional.[\/vc_column_text][\/vc_column][\/vc_row]","og_url":"http:\/\/www.queraadvocats.com\/index.php\/presentacion\/","og_site_name":"Quera Advocats","article_modified_time":"2016-10-23T20:01:37+00:00","og_image":[{"width":1024,"height":685,"url":"http:\/\/www.queraadvocats.com\/wp-content\/uploads\/2016\/09\/DSC06210-1024x685.jpg","type":"image\/jpeg"}],"twitter_card":"summary_large_image","twitter_misc":{"Tiempo de lectura":"1 minuto"},"schema":{"@context":"https:\/\/schema.org","@graph":[{"@type":"WebPage","@id":"http:\/\/www.queraadvocats.com\/index.php\/presentacion\/","url":"http:\/\/www.queraadvocats.com\/index.php\/presentacion\/","name":"Presentaci\u00f3n - Quera Advocats","isPartOf":{"@id":"http:\/\/www.queraadvocats.com\/#website"},"primaryImageOfPage":{"@id":"http:\/\/www.queraadvocats.com\/index.php\/presentacion\/#primaryimage"},"image":{"@id":"http:\/\/www.queraadvocats.com\/index.php\/presentacion\/#primaryimage"},"thumbnailUrl":"http:\/\/www.queraadvocats.com\/wp-content\/uploads\/2016\/09\/DSC06210.jpg","datePublished":"2016-09-12T17:27:22+00:00","dateModified":"2016-10-23T20:01:37+00:00","breadcrumb":{"@id":"http:\/\/www.queraadvocats.com\/index.php\/presentacion\/#breadcrumb"},"inLanguage":"es","potentialAction":[{"@type":"ReadAction","target":["http:\/\/www.queraadvocats.com\/index.php\/presentacion\/"]}]},{"@type":"ImageObject","inLanguage":"es","@id":"http:\/\/www.queraadvocats.com\/index.php\/presentacion\/#primaryimage","url":"http:\/\/www.queraadvocats.com\/wp-content\/uploads\/2016\/09\/DSC06210.jpg","contentUrl":"http:\/\/www.queraadvocats.com\/wp-content\/uploads\/2016\/09\/DSC06210.jpg","width":3872,"height":2592,"caption":"Quera Advocats | Penal"},{"@type":"BreadcrumbList","@id":"http:\/\/www.queraadvocats.com\/index.php\/presentacion\/#breadcrumb","itemListElement":[{"@type":"ListItem","position":1,"name":"Portada","item":"http:\/\/www.queraadvocats.com\/index.php\/es\/bienvenids\/"},{"@type":"ListItem","position":2,"name":"Presentaci\u00f3n"}]},{"@type":"WebSite","@id":"http:\/\/www.queraadvocats.com\/#website","url":"http:\/\/www.queraadvocats.com\/","name":"Quera Advocats","description":"Quera Advocats | Figueres","potentialAction":[{"@type":"SearchAction","target":{"@type":"EntryPoint","urlTemplate":"http:\/\/www.queraadvocats.com\/?s={search_term_string}"},"query-input":"required name=search_term_string"}],"inLanguage":"es"}]}},"_links":{"self":[{"href":"http:\/\/www.queraadvocats.com\/index.php\/wp-json\/wp\/v2\/pages\/40"}],"collection":[{"href":"http:\/\/www.queraadvocats.com\/index.php\/wp-json\/wp\/v2\/pages"}],"about":[{"href":"http:\/\/www.queraadvocats.com\/index.php\/wp-json\/wp\/v2\/types\/page"}],"author":[{"embeddable":true,"href":"http:\/\/www.queraadvocats.com\/index.php\/wp-json\/wp\/v2\/users\/2"}],"replies":[{"embeddable":true,"href":"http:\/\/www.queraadvocats.com\/index.php\/wp-json\/wp\/v2\/comments?post=40"}],"version-history":[{"count":8,"href":"http:\/\/www.queraadvocats.com\/index.php\/wp-json\/wp\/v2\/pages\/40\/revisions"}],"predecessor-version":[{"id":165,"href":"http:\/\/www.queraadvocats.com\/index.php\/wp-json\/wp\/v2\/pages\/40\/revisions\/165"}],"wp:featuredmedia":[{"embeddable":true,"href":"http:\/\/www.queraadvocats.com\/index.php\/wp-json\/wp\/v2\/media\/41"}],"wp:attachment":[{"href":"http:\/\/www.queraadvocats.com\/index.php\/wp-json\/wp\/v2\/media?parent=40"}],"curies":[{"name":"wp","href":"https:\/\/api.w.org\/{rel}","templated":true}]}}